{"id":1160,"date":"2025-12-15T17:45:45","date_gmt":"2025-12-15T17:45:45","guid":{"rendered":"https:\/\/rinellivigneti.it\/prodotto\/ambra\/"},"modified":"2026-03-06T09:23:34","modified_gmt":"2026-03-06T09:23:34","slug":"ambra","status":"publish","type":"product","link":"https:\/\/rinellivigneti.it\/es\/prodotto\/ambra\/","title":{"rendered":"AMBRA DOP\/IGP"},"content":{"rendered":"<p style=\"font-weight: 400;\"><strong style=\"font-weight: 400;\">Vi\u00f1edos:<\/strong> Las vides se asientan sobre suelos prevalentemente arcillosos, con un buen porcentaje de caliza, ricos en elementos minerales; se gestionan mayormente a guyot y a cord\u00f3n esperonado. La vendimia se realiza manualmente en el per\u00edodo que va desde finales de septiembre<br \/>\nhasta la primera decena de octubre <\/p>\n<p style=\"font-weight: 400;\"><strong style=\"font-weight: 400;\">Vinificaci\u00f3n:<\/strong> se utiliza el m\u00e9todo de<strong style=\"font-weight: 400;\"> <\/strong>prensado suave de racimo entero y posterior decantaci\u00f3n en fr\u00edo. Fermentaci\u00f3n alcoh\u00f3lica y afinamiento en acero, sin filtraci\u00f3n ni clarificaci\u00f3n. <\/p>\n<p style=\"font-weight: 400;\"><strong style=\"font-weight: 400;\">Examen organol\u00e9ptico:<\/strong><br \/>\n<strong style=\"font-weight: 400;\">Color:<\/strong> amarillo pajizo con reflejos \u00e1mbar.<br \/>\n<strong style=\"font-weight: 400;\">Aroma:<\/strong> notas de fruta de pulpa, notas vegetales y sulfurosas con toques especiados.<br \/>\n<strong style=\"font-weight: 400;\">Sabor<\/strong>: excelente acidez que transmite frescura y sapidez; mineralidad y elegancia con un final delicado y suave.<br \/>\n<strong style=\"font-weight: 400;\">Maridaje:<\/strong> excelente con pescado crudo, primeros platos a base de pescado, carnes blancas y quesos poco curados.<\/p>\n<table style=\"font-weight: 400;\" width=\"642\">\n<tbody>\n<tr>\n<td width=\"321\"><strong style=\"font-weight: 400;\">Valores nutricionales<\/strong><\/td>\n<td width=\"321\"><strong style=\"font-weight: 400;\">Concentraci\u00f3n<\/strong><\/td>\n<\/tr>\n<tr>\n<td width=\"321\">Calor\u00edas (E)<\/td>\n<td width=\"321\">POR 100 mL: E = 282,7 kJ\/67,53 kcal<\/td>\n<\/tr>\n<tr>\n<td width=\"321\">Alcohol<\/td>\n<td width=\"321\">11.95% VV<\/td>\n<\/tr>\n<tr>\n<td width=\"321\">Az\u00facares<\/td>\n<td width=\"321\">1.52 g\/L<\/td>\n<\/tr>\n<tr>\n<td width=\"321\">Prote\u00ednas<\/td>\n<td width=\"321\">&lt;4 mg\/L<\/td>\n<\/tr>\n<tr>\n<td width=\"321\">Grasas<\/td>\n<td width=\"321\">&lt;3 mg\/L<\/td>\n<\/tr>\n<\/tbody>\n<\/table>\n<p><a class=\"btn-scheda-completa\" href=\"https:\/\/rinellivigneti.it\/wp-content\/uploads\/2025\/12\/AMBRA.pdf\" download=\"\"><br \/>\nDescargue la ficha completa<br \/>\n<\/a><\/p>\n","protected":false},"excerpt":{"rendered":"<p>LAZIO BIANCO IGP<br \/>\nVariedad: TREBBIANO TOSCANO B. 2024 \u00c1MBAR<\/p>\n","protected":false},"featured_media":1150,"template":"","meta":{"inline_featured_image":false},"product_brand":[],"product_cat":[82,81],"product_tag":[],"class_list":{"0":"post-1160","1":"product","2":"type-product","3":"status-publish","4":"has-post-thumbnail","6":"product_cat-vino","7":"product_cat-vino-blanco","9":"first","10":"instock","11":"taxable","12":"shipping-taxable","13":"purchasable","14":"product-type-simple"},"yoast_head":"<!-- This site is optimized with the Yoast SEO plugin v27.4 - https:\/\/yoast.com\/product\/yoast-seo-wordpress\/ -->\n<title>AMBRA DOP\/IGP - Rinelli Vigneti<\/title>\n<meta name=\"robots\" content=\"index, follow, max-snippet:-1, max-image-preview:large, max-video-preview:-1\" \/>\n<link rel=\"canonical\" href=\"https:\/\/rinellivigneti.it\/es\/prodotto\/ambra\/\" \/>\n<meta property=\"og:locale\" content=\"es_ES\" \/>\n<meta property=\"og:type\" content=\"article\" \/>\n<meta property=\"og:title\" content=\"AMBRA DOP\/IGP - Rinelli Vigneti\" \/>\n<meta property=\"og:description\" content=\"LAZIO BIANCO IGP Variedad: TREBBIANO TOSCANO B. 2024 \u00c1MBAR\" \/>\n<meta property=\"og:url\" content=\"https:\/\/rinellivigneti.it\/es\/prodotto\/ambra\/\" \/>\n<meta property=\"og:site_name\" content=\"Rinelli Vigneti\" \/>\n<meta property=\"article:modified_time\" content=\"2026-03-06T09:23:34+00:00\" \/>\n<meta property=\"og:image\" content=\"https:\/\/rinellivigneti.it\/wp-content\/uploads\/2025\/11\/ambra-scaled.png\" \/>\n\t<meta property=\"og:image:width\" content=\"1707\" \/>\n\t<meta property=\"og:image:height\" content=\"2560\" \/>\n\t<meta property=\"og:image:type\" content=\"image\/png\" \/>\n<meta name=\"twitter:card\" content=\"summary_large_image\" \/>\n<meta name=\"twitter:label1\" content=\"Tiempo de lectura\" \/>\n\t<meta name=\"twitter:data1\" content=\"1 minuto\" \/>\n<script type=\"application\/ld+json\" class=\"yoast-schema-graph\">{\"@context\":\"https:\\\/\\\/schema.org\",\"@graph\":[{\"@type\":\"WebPage\",\"@id\":\"https:\\\/\\\/rinellivigneti.it\\\/es\\\/prodotto\\\/ambra\\\/\",\"url\":\"https:\\\/\\\/rinellivigneti.it\\\/es\\\/prodotto\\\/ambra\\\/\",\"name\":\"AMBRA DOP\\\/IGP - Rinelli Vigneti\",\"isPartOf\":{\"@id\":\"https:\\\/\\\/rinellivigneti.it\\\/#website\"},\"primaryImageOfPage\":{\"@id\":\"https:\\\/\\\/rinellivigneti.it\\\/es\\\/prodotto\\\/ambra\\\/#primaryimage\"},\"image\":{\"@id\":\"https:\\\/\\\/rinellivigneti.it\\\/es\\\/prodotto\\\/ambra\\\/#primaryimage\"},\"thumbnailUrl\":\"https:\\\/\\\/rinellivigneti.it\\\/wp-content\\\/uploads\\\/2025\\\/11\\\/ambra-scaled.png\",\"datePublished\":\"2025-12-15T17:45:45+00:00\",\"dateModified\":\"2026-03-06T09:23:34+00:00\",\"breadcrumb\":{\"@id\":\"https:\\\/\\\/rinellivigneti.it\\\/es\\\/prodotto\\\/ambra\\\/#breadcrumb\"},\"inLanguage\":\"es\",\"potentialAction\":[{\"@type\":\"ReadAction\",\"target\":[\"https:\\\/\\\/rinellivigneti.it\\\/es\\\/prodotto\\\/ambra\\\/\"]}]},{\"@type\":\"ImageObject\",\"inLanguage\":\"es\",\"@id\":\"https:\\\/\\\/rinellivigneti.it\\\/es\\\/prodotto\\\/ambra\\\/#primaryimage\",\"url\":\"https:\\\/\\\/rinellivigneti.it\\\/wp-content\\\/uploads\\\/2025\\\/11\\\/ambra-scaled.png\",\"contentUrl\":\"https:\\\/\\\/rinellivigneti.it\\\/wp-content\\\/uploads\\\/2025\\\/11\\\/ambra-scaled.png\",\"width\":1707,\"height\":2560},{\"@type\":\"BreadcrumbList\",\"@id\":\"https:\\\/\\\/rinellivigneti.it\\\/es\\\/prodotto\\\/ambra\\\/#breadcrumb\",\"itemListElement\":[{\"@type\":\"ListItem\",\"position\":1,\"name\":\"Inicio\",\"item\":\"https:\\\/\\\/rinellivigneti.it\\\/homepage-2\\\/\"},{\"@type\":\"ListItem\",\"position\":2,\"name\":\"Tienda\",\"item\":\"https:\\\/\\\/rinellivigneti.it\\\/es\\\/tienda\\\/\"},{\"@type\":\"ListItem\",\"position\":3,\"name\":\"AMBRA DOP\\\/IGP\"}]},{\"@type\":\"WebSite\",\"@id\":\"https:\\\/\\\/rinellivigneti.it\\\/#website\",\"url\":\"https:\\\/\\\/rinellivigneti.it\\\/\",\"name\":\"Rinelli Vigneti\",\"description\":\"\",\"potentialAction\":[{\"@type\":\"SearchAction\",\"target\":{\"@type\":\"EntryPoint\",\"urlTemplate\":\"https:\\\/\\\/rinellivigneti.it\\\/?s={search_term_string}\"},\"query-input\":{\"@type\":\"PropertyValueSpecification\",\"valueRequired\":true,\"valueName\":\"search_term_string\"}}],\"inLanguage\":\"es\"}]}<\/script>\n<!-- \/ Yoast SEO plugin. -->","yoast_head_json":{"title":"AMBRA DOP\/IGP - Rinelli Vigneti","robots":{"index":"index","follow":"follow","max-snippet":"max-snippet:-1","max-image-preview":"max-image-preview:large","max-video-preview":"max-video-preview:-1"},"canonical":"https:\/\/rinellivigneti.it\/es\/prodotto\/ambra\/","og_locale":"es_ES","og_type":"article","og_title":"AMBRA DOP\/IGP - Rinelli Vigneti","og_description":"LAZIO BIANCO IGP Variedad: TREBBIANO TOSCANO B. 2024 \u00c1MBAR","og_url":"https:\/\/rinellivigneti.it\/es\/prodotto\/ambra\/","og_site_name":"Rinelli Vigneti","article_modified_time":"2026-03-06T09:23:34+00:00","og_image":[{"width":1707,"height":2560,"url":"https:\/\/rinellivigneti.it\/wp-content\/uploads\/2025\/11\/ambra-scaled.png","type":"image\/png"}],"twitter_card":"summary_large_image","twitter_misc":{"Tiempo de lectura":"1 minuto"},"schema":{"@context":"https:\/\/schema.org","@graph":[{"@type":"WebPage","@id":"https:\/\/rinellivigneti.it\/es\/prodotto\/ambra\/","url":"https:\/\/rinellivigneti.it\/es\/prodotto\/ambra\/","name":"AMBRA DOP\/IGP - Rinelli Vigneti","isPartOf":{"@id":"https:\/\/rinellivigneti.it\/#website"},"primaryImageOfPage":{"@id":"https:\/\/rinellivigneti.it\/es\/prodotto\/ambra\/#primaryimage"},"image":{"@id":"https:\/\/rinellivigneti.it\/es\/prodotto\/ambra\/#primaryimage"},"thumbnailUrl":"https:\/\/rinellivigneti.it\/wp-content\/uploads\/2025\/11\/ambra-scaled.png","datePublished":"2025-12-15T17:45:45+00:00","dateModified":"2026-03-06T09:23:34+00:00","breadcrumb":{"@id":"https:\/\/rinellivigneti.it\/es\/prodotto\/ambra\/#breadcrumb"},"inLanguage":"es","potentialAction":[{"@type":"ReadAction","target":["https:\/\/rinellivigneti.it\/es\/prodotto\/ambra\/"]}]},{"@type":"ImageObject","inLanguage":"es","@id":"https:\/\/rinellivigneti.it\/es\/prodotto\/ambra\/#primaryimage","url":"https:\/\/rinellivigneti.it\/wp-content\/uploads\/2025\/11\/ambra-scaled.png","contentUrl":"https:\/\/rinellivigneti.it\/wp-content\/uploads\/2025\/11\/ambra-scaled.png","width":1707,"height":2560},{"@type":"BreadcrumbList","@id":"https:\/\/rinellivigneti.it\/es\/prodotto\/ambra\/#breadcrumb","itemListElement":[{"@type":"ListItem","position":1,"name":"Inicio","item":"https:\/\/rinellivigneti.it\/homepage-2\/"},{"@type":"ListItem","position":2,"name":"Tienda","item":"https:\/\/rinellivigneti.it\/es\/tienda\/"},{"@type":"ListItem","position":3,"name":"AMBRA DOP\/IGP"}]},{"@type":"WebSite","@id":"https:\/\/rinellivigneti.it\/#website","url":"https:\/\/rinellivigneti.it\/","name":"Rinelli Vigneti","description":"","potentialAction":[{"@type":"SearchAction","target":{"@type":"EntryPoint","urlTemplate":"https:\/\/rinellivigneti.it\/?s={search_term_string}"},"query-input":{"@type":"PropertyValueSpecification","valueRequired":true,"valueName":"search_term_string"}}],"inLanguage":"es"}]}},"_links":{"self":[{"href":"https:\/\/rinellivigneti.it\/es\/wp-json\/wp\/v2\/product\/1160","targetHints":{"allow":["GET"]}}],"collection":[{"href":"https:\/\/rinellivigneti.it\/es\/wp-json\/wp\/v2\/product"}],"about":[{"href":"https:\/\/rinellivigneti.it\/es\/wp-json\/wp\/v2\/types\/product"}],"version-history":[{"count":1,"href":"https:\/\/rinellivigneti.it\/es\/wp-json\/wp\/v2\/product\/1160\/revisions"}],"predecessor-version":[{"id":1360,"href":"https:\/\/rinellivigneti.it\/es\/wp-json\/wp\/v2\/product\/1160\/revisions\/1360"}],"wp:featuredmedia":[{"embeddable":true,"href":"https:\/\/rinellivigneti.it\/es\/wp-json\/wp\/v2\/media\/1150"}],"wp:attachment":[{"href":"https:\/\/rinellivigneti.it\/es\/wp-json\/wp\/v2\/media?parent=1160"}],"wp:term":[{"taxonomy":"product_brand","embeddable":true,"href":"https:\/\/rinellivigneti.it\/es\/wp-json\/wp\/v2\/product_brand?post=1160"},{"taxonomy":"product_cat","embeddable":true,"href":"https:\/\/rinellivigneti.it\/es\/wp-json\/wp\/v2\/product_cat?post=1160"},{"taxonomy":"product_tag","embeddable":true,"href":"https:\/\/rinellivigneti.it\/es\/wp-json\/wp\/v2\/product_tag?post=1160"}],"curies":[{"name":"wp","href":"https:\/\/api.w.org\/{rel}","templated":true}]}}