{"id":1163,"date":"2025-12-15T17:42:16","date_gmt":"2025-12-15T17:42:16","guid":{"rendered":"https:\/\/rinellivigneti.it\/prodotto\/24h\/"},"modified":"2026-03-06T09:23:32","modified_gmt":"2026-03-06T09:23:32","slug":"24h","status":"publish","type":"product","link":"https:\/\/rinellivigneti.it\/es\/prodotto\/24h\/","title":{"rendered":"24H DOC\/IGP"},"content":{"rendered":"<p style=\"font-weight: 400;\"><strong style=\"font-weight: 400;\">Vi\u00f1edos:<\/strong> Las vides se asientan sobre suelos prevalentemente arcillosos, con un buen porcentaje de caliza, ricos en elementos minerales; se gestionan mayormente a guyot y a cord\u00f3n esperonado. La vendimia se realiza manualmente en el per\u00edodo que va desde finales de septiembre<br \/>\nhasta la primera decena de octubre <\/p>\n<p style=\"font-weight: 400;\"><strong style=\"font-weight: 400;\">Vinificaci\u00f3n: <\/strong>maceraci\u00f3n en los hollejos durante veinticuatro horas seguida de un prensado suave y decantaci\u00f3n en fr\u00edo. Fermentaci\u00f3n alcoh\u00f3lica y afinamiento en acero, sin filtraci\u00f3n ni clarificaci\u00f3n. <\/p>\n<p style=\"font-weight: 400;\"><strong style=\"font-weight: 400;\">Examen organol\u00e9ptico:<\/strong><br \/>\n<strong style=\"font-weight: 400;\">Color:<\/strong> rosa salm\u00f3n con reflejos de color polvo<br \/>\nAroma: aromas de flores blancas y rosa, con notas afrutadas de fresa y ciruela.<br \/>\n<strong style=\"font-weight: 400;\">Sapore<\/strong>: Freschezza e fruttuosit\u00e0 abbinate ad una piacevole acidit\u00e0, vivacit\u00e0 al palato. Equilibrio, leggerezza ed eleganza.<br \/>\nMaridajes: perfecto con embutidos y quesos, incluso curados, con entrantes de pescado y primeros platos de la tradici\u00f3n.<\/p>\n<table style=\"font-weight: 400;\" width=\"642\">\n<tbody>\n<tr>\n<td width=\"321\"><strong style=\"font-weight: 400;\">Valores nutricionales<\/strong><\/td>\n<td width=\"321\"><strong style=\"font-weight: 400;\">Concentraci\u00f3n<\/strong><\/td>\n<\/tr>\n<tr>\n<td width=\"321\">Calor\u00edas (E)<\/td>\n<td width=\"321\">POR 100 ml: E=297,6 kj\/71,19 kcal<\/td>\n<\/tr>\n<tr>\n<td width=\"321\">Alcohol<\/td>\n<td width=\"321\">12,62 % VV<\/td>\n<\/tr>\n<tr>\n<td width=\"321\">Az\u00facares<\/td>\n<td width=\"321\">1,23 g\/L<\/td>\n<\/tr>\n<tr>\n<td width=\"321\">Prote\u00ednas<\/td>\n<td width=\"321\">&lt;4 mg\/L<\/td>\n<\/tr>\n<tr>\n<td width=\"321\">Grasas<\/td>\n<td width=\"321\">&lt;3 mg\/L<\/td>\n<\/tr>\n<\/tbody>\n<\/table>\n<p><a class=\"btn-scheda-completa\" href=\"https:\/\/rinellivigneti.it\/wp-content\/uploads\/2025\/12\/24H.pdf\" download=\"\"><br \/>\nDescargue la ficha completa<br \/>\n<\/a><\/p>\n","protected":false},"excerpt":{"rendered":"<p>LAZIO CESANESE IGP 2024<\/p>\n","protected":false},"featured_media":1147,"template":"","meta":{"inline_featured_image":false},"product_brand":[],"product_cat":[82,84],"product_tag":[],"class_list":{"0":"post-1163","1":"product","2":"type-product","3":"status-publish","4":"has-post-thumbnail","6":"product_cat-vino","7":"product_cat-vino-rosado","9":"first","10":"instock","11":"taxable","12":"shipping-taxable","13":"purchasable","14":"product-type-simple"},"yoast_head":"<!-- This site is optimized with the Yoast SEO plugin v27.4 - https:\/\/yoast.com\/product\/yoast-seo-wordpress\/ -->\n<title>24H DOC\/IGP - Rinelli Vigneti<\/title>\n<meta name=\"robots\" content=\"index, follow, max-snippet:-1, max-image-preview:large, max-video-preview:-1\" \/>\n<link rel=\"canonical\" href=\"https:\/\/rinellivigneti.it\/es\/prodotto\/24h\/\" \/>\n<meta property=\"og:locale\" content=\"es_ES\" \/>\n<meta property=\"og:type\" content=\"article\" \/>\n<meta property=\"og:title\" content=\"24H DOC\/IGP - Rinelli Vigneti\" \/>\n<meta property=\"og:description\" content=\"LAZIO CESANESE IGP 2024\" \/>\n<meta property=\"og:url\" content=\"https:\/\/rinellivigneti.it\/es\/prodotto\/24h\/\" \/>\n<meta property=\"og:site_name\" content=\"Rinelli Vigneti\" \/>\n<meta property=\"article:modified_time\" content=\"2026-03-06T09:23:32+00:00\" \/>\n<meta property=\"og:image\" content=\"https:\/\/rinellivigneti.it\/wp-content\/uploads\/2025\/11\/24h-scaled.png\" \/>\n\t<meta property=\"og:image:width\" content=\"1707\" \/>\n\t<meta property=\"og:image:height\" content=\"2560\" \/>\n\t<meta property=\"og:image:type\" content=\"image\/png\" \/>\n<meta name=\"twitter:card\" content=\"summary_large_image\" \/>\n<meta name=\"twitter:label1\" content=\"Tiempo de lectura\" \/>\n\t<meta name=\"twitter:data1\" content=\"1 minuto\" \/>\n<script type=\"application\/ld+json\" class=\"yoast-schema-graph\">{\"@context\":\"https:\\\/\\\/schema.org\",\"@graph\":[{\"@type\":\"WebPage\",\"@id\":\"https:\\\/\\\/rinellivigneti.it\\\/es\\\/prodotto\\\/24h\\\/\",\"url\":\"https:\\\/\\\/rinellivigneti.it\\\/es\\\/prodotto\\\/24h\\\/\",\"name\":\"24H DOC\\\/IGP - Rinelli Vigneti\",\"isPartOf\":{\"@id\":\"https:\\\/\\\/rinellivigneti.it\\\/#website\"},\"primaryImageOfPage\":{\"@id\":\"https:\\\/\\\/rinellivigneti.it\\\/es\\\/prodotto\\\/24h\\\/#primaryimage\"},\"image\":{\"@id\":\"https:\\\/\\\/rinellivigneti.it\\\/es\\\/prodotto\\\/24h\\\/#primaryimage\"},\"thumbnailUrl\":\"https:\\\/\\\/rinellivigneti.it\\\/wp-content\\\/uploads\\\/2025\\\/11\\\/24h-scaled.png\",\"datePublished\":\"2025-12-15T17:42:16+00:00\",\"dateModified\":\"2026-03-06T09:23:32+00:00\",\"breadcrumb\":{\"@id\":\"https:\\\/\\\/rinellivigneti.it\\\/es\\\/prodotto\\\/24h\\\/#breadcrumb\"},\"inLanguage\":\"es\",\"potentialAction\":[{\"@type\":\"ReadAction\",\"target\":[\"https:\\\/\\\/rinellivigneti.it\\\/es\\\/prodotto\\\/24h\\\/\"]}]},{\"@type\":\"ImageObject\",\"inLanguage\":\"es\",\"@id\":\"https:\\\/\\\/rinellivigneti.it\\\/es\\\/prodotto\\\/24h\\\/#primaryimage\",\"url\":\"https:\\\/\\\/rinellivigneti.it\\\/wp-content\\\/uploads\\\/2025\\\/11\\\/24h-scaled.png\",\"contentUrl\":\"https:\\\/\\\/rinellivigneti.it\\\/wp-content\\\/uploads\\\/2025\\\/11\\\/24h-scaled.png\",\"width\":1707,\"height\":2560},{\"@type\":\"BreadcrumbList\",\"@id\":\"https:\\\/\\\/rinellivigneti.it\\\/es\\\/prodotto\\\/24h\\\/#breadcrumb\",\"itemListElement\":[{\"@type\":\"ListItem\",\"position\":1,\"name\":\"Inicio\",\"item\":\"https:\\\/\\\/rinellivigneti.it\\\/homepage-2\\\/\"},{\"@type\":\"ListItem\",\"position\":2,\"name\":\"Tienda\",\"item\":\"https:\\\/\\\/rinellivigneti.it\\\/es\\\/tienda\\\/\"},{\"@type\":\"ListItem\",\"position\":3,\"name\":\"24H DOC\\\/IGP\"}]},{\"@type\":\"WebSite\",\"@id\":\"https:\\\/\\\/rinellivigneti.it\\\/#website\",\"url\":\"https:\\\/\\\/rinellivigneti.it\\\/\",\"name\":\"Rinelli Vigneti\",\"description\":\"\",\"potentialAction\":[{\"@type\":\"SearchAction\",\"target\":{\"@type\":\"EntryPoint\",\"urlTemplate\":\"https:\\\/\\\/rinellivigneti.it\\\/?s={search_term_string}\"},\"query-input\":{\"@type\":\"PropertyValueSpecification\",\"valueRequired\":true,\"valueName\":\"search_term_string\"}}],\"inLanguage\":\"es\"}]}<\/script>\n<!-- \/ Yoast SEO plugin. -->","yoast_head_json":{"title":"24H DOC\/IGP - Rinelli Vigneti","robots":{"index":"index","follow":"follow","max-snippet":"max-snippet:-1","max-image-preview":"max-image-preview:large","max-video-preview":"max-video-preview:-1"},"canonical":"https:\/\/rinellivigneti.it\/es\/prodotto\/24h\/","og_locale":"es_ES","og_type":"article","og_title":"24H DOC\/IGP - Rinelli Vigneti","og_description":"LAZIO CESANESE IGP 2024","og_url":"https:\/\/rinellivigneti.it\/es\/prodotto\/24h\/","og_site_name":"Rinelli Vigneti","article_modified_time":"2026-03-06T09:23:32+00:00","og_image":[{"width":1707,"height":2560,"url":"https:\/\/rinellivigneti.it\/wp-content\/uploads\/2025\/11\/24h-scaled.png","type":"image\/png"}],"twitter_card":"summary_large_image","twitter_misc":{"Tiempo de lectura":"1 minuto"},"schema":{"@context":"https:\/\/schema.org","@graph":[{"@type":"WebPage","@id":"https:\/\/rinellivigneti.it\/es\/prodotto\/24h\/","url":"https:\/\/rinellivigneti.it\/es\/prodotto\/24h\/","name":"24H DOC\/IGP - Rinelli Vigneti","isPartOf":{"@id":"https:\/\/rinellivigneti.it\/#website"},"primaryImageOfPage":{"@id":"https:\/\/rinellivigneti.it\/es\/prodotto\/24h\/#primaryimage"},"image":{"@id":"https:\/\/rinellivigneti.it\/es\/prodotto\/24h\/#primaryimage"},"thumbnailUrl":"https:\/\/rinellivigneti.it\/wp-content\/uploads\/2025\/11\/24h-scaled.png","datePublished":"2025-12-15T17:42:16+00:00","dateModified":"2026-03-06T09:23:32+00:00","breadcrumb":{"@id":"https:\/\/rinellivigneti.it\/es\/prodotto\/24h\/#breadcrumb"},"inLanguage":"es","potentialAction":[{"@type":"ReadAction","target":["https:\/\/rinellivigneti.it\/es\/prodotto\/24h\/"]}]},{"@type":"ImageObject","inLanguage":"es","@id":"https:\/\/rinellivigneti.it\/es\/prodotto\/24h\/#primaryimage","url":"https:\/\/rinellivigneti.it\/wp-content\/uploads\/2025\/11\/24h-scaled.png","contentUrl":"https:\/\/rinellivigneti.it\/wp-content\/uploads\/2025\/11\/24h-scaled.png","width":1707,"height":2560},{"@type":"BreadcrumbList","@id":"https:\/\/rinellivigneti.it\/es\/prodotto\/24h\/#breadcrumb","itemListElement":[{"@type":"ListItem","position":1,"name":"Inicio","item":"https:\/\/rinellivigneti.it\/homepage-2\/"},{"@type":"ListItem","position":2,"name":"Tienda","item":"https:\/\/rinellivigneti.it\/es\/tienda\/"},{"@type":"ListItem","position":3,"name":"24H DOC\/IGP"}]},{"@type":"WebSite","@id":"https:\/\/rinellivigneti.it\/#website","url":"https:\/\/rinellivigneti.it\/","name":"Rinelli Vigneti","description":"","potentialAction":[{"@type":"SearchAction","target":{"@type":"EntryPoint","urlTemplate":"https:\/\/rinellivigneti.it\/?s={search_term_string}"},"query-input":{"@type":"PropertyValueSpecification","valueRequired":true,"valueName":"search_term_string"}}],"inLanguage":"es"}]}},"_links":{"self":[{"href":"https:\/\/rinellivigneti.it\/es\/wp-json\/wp\/v2\/product\/1163","targetHints":{"allow":["GET"]}}],"collection":[{"href":"https:\/\/rinellivigneti.it\/es\/wp-json\/wp\/v2\/product"}],"about":[{"href":"https:\/\/rinellivigneti.it\/es\/wp-json\/wp\/v2\/types\/product"}],"version-history":[{"count":1,"href":"https:\/\/rinellivigneti.it\/es\/wp-json\/wp\/v2\/product\/1163\/revisions"}],"predecessor-version":[{"id":1357,"href":"https:\/\/rinellivigneti.it\/es\/wp-json\/wp\/v2\/product\/1163\/revisions\/1357"}],"wp:featuredmedia":[{"embeddable":true,"href":"https:\/\/rinellivigneti.it\/es\/wp-json\/wp\/v2\/media\/1147"}],"wp:attachment":[{"href":"https:\/\/rinellivigneti.it\/es\/wp-json\/wp\/v2\/media?parent=1163"}],"wp:term":[{"taxonomy":"product_brand","embeddable":true,"href":"https:\/\/rinellivigneti.it\/es\/wp-json\/wp\/v2\/product_brand?post=1163"},{"taxonomy":"product_cat","embeddable":true,"href":"https:\/\/rinellivigneti.it\/es\/wp-json\/wp\/v2\/product_cat?post=1163"},{"taxonomy":"product_tag","embeddable":true,"href":"https:\/\/rinellivigneti.it\/es\/wp-json\/wp\/v2\/product_tag?post=1163"}],"curies":[{"name":"wp","href":"https:\/\/api.w.org\/{rel}","templated":true}]}}