{"id":1165,"date":"2025-12-15T17:38:27","date_gmt":"2025-12-15T17:38:27","guid":{"rendered":"https:\/\/rinellivigneti.it\/prodotto\/creta\/"},"modified":"2026-01-30T10:11:22","modified_gmt":"2026-01-30T10:11:22","slug":"creta","status":"publish","type":"product","link":"https:\/\/rinellivigneti.it\/es\/prodotto\/creta\/","title":{"rendered":"CRETA DOC\/IGP"},"content":{"rendered":"<p style=\"font-weight: 400;\"><strong style=\"font-weight: 400;\">Vi\u00f1edos:<\/strong> Las vides se asientan sobre suelos prevalentemente arcillosos, con un buen porcentaje de caliza, ricos en elementos minerales; se gestionan mayormente a guyot y a cord\u00f3n esperonado. La vendimia se realiza manualmente en el per\u00edodo que va desde finales de septiembre<br \/>\nhasta la primera decena de octubre <\/p>\n<p style=\"font-weight: 400;\"><strong style=\"font-weight: 400;\">Vinificaci\u00f3n:<\/strong> maceraci\u00f3n en hollejos durante todo el proceso de fermentaci\u00f3n alcoh\u00f3lica con bazuqueos diarios manuales. Crianza en barricas de roble franc\u00e9s durante un per\u00edodo m\u00ednimo de 12 meses, sin filtraci\u00f3n ni clarificaci\u00f3n<strong style=\"font-weight: 400;\">.<\/strong> <\/p>\n<p style=\"font-weight: 400;\"><strong style=\"font-weight: 400;\">Examen organol\u00e9ptico:<\/strong><br \/>\n<strong style=\"font-weight: 400;\">Color:<\/strong> rojo rub\u00ed con reflejos granates<br \/>\n<strong style=\"font-weight: 400;\">Aroma:<\/strong> notas vegetales y de fruta pasificada con toques especiados de pimienta, canela y vainilla.<br \/>\n<strong style=\"font-weight: 400;\">Sabor<\/strong>: estructura y cuerpo con taninos crujientes y leves. Frescura, complejidad y mucha sapidez con una fuerte mineralidad. La persistencia y la sapidez hacen que el vino sea robusto, intenso y envolvente.<br \/>\n<strong style=\"font-weight: 400;\">Maridaje:<\/strong> adecuado para carnes rojas estofadas o a la parrilla y primeros platos de tierra.<\/p>\n<p style=\"font-weight: 400;\"><strong style=\"font-weight: 400;\"> <\/strong><\/p>\n<table style=\"font-weight: 400;\" width=\"642\">\n<tbody>\n<tr>\n<td width=\"321\"><strong style=\"font-weight: 400;\">Valores nutricionales<\/strong><\/td>\n<td width=\"321\"><strong style=\"font-weight: 400;\">Concentraci\u00f3n<\/strong><\/td>\n<\/tr>\n<tr>\n<td width=\"321\">Calor\u00edas (E)<\/td>\n<td width=\"321\">120 kcal\/100 mL<\/td>\n<\/tr>\n<tr>\n<td width=\"321\">Alcohol<\/td>\n<td width=\"321\">15.11 % VV<\/td>\n<\/tr>\n<tr>\n<td width=\"321\">Az\u00facares<\/td>\n<td width=\"321\">0.64 g\/L<\/td>\n<\/tr>\n<tr>\n<td width=\"321\">Prote\u00ednas<\/td>\n<td width=\"321\">&lt;6 mg\/L<\/td>\n<\/tr>\n<tr>\n<td width=\"321\">Grasas<\/td>\n<td width=\"321\">&lt;5 mg\/L<\/td>\n<\/tr>\n<\/tbody>\n<\/table>\n<p><a class=\"btn-scheda-completa\" href=\"https:\/\/rinellivigneti.it\/wp-content\/uploads\/2025\/12\/CRETA.pdf\" download=\"\"><br \/>\nDescargue la ficha completa<br \/>\n<\/a><\/p>\n","protected":false},"excerpt":{"rendered":"<p>Vi\u00f1edos: Las vides se asientan sobre suelos prevalentemente arcillosos, con un buen porcentaje de caliza, ricos en elementos minerales; se gestionan mayormente a guyot y a cord\u00f3n esperonado. La vendimia se realiza manualmente en el per\u00edodo que va desde finales de septiembre hasta la primera decena de octubre Vinificaci\u00f3n: maceraci\u00f3n en hollejos durante todo el [&hellip;]<\/p>\n","protected":false},"featured_media":1156,"template":"","meta":{"inline_featured_image":false},"product_brand":[],"product_cat":[82,85],"product_tag":[],"class_list":{"0":"post-1165","1":"product","2":"type-product","3":"status-publish","4":"has-post-thumbnail","6":"product_cat-vino","7":"product_cat-vino-tinto","9":"first","10":"instock","11":"taxable","12":"shipping-taxable","13":"purchasable","14":"product-type-simple"},"yoast_head":"<!-- This site is optimized with the Yoast SEO plugin v27.4 - https:\/\/yoast.com\/product\/yoast-seo-wordpress\/ -->\n<title>CRETA DOC\/IGP - Rinelli Vigneti<\/title>\n<meta name=\"robots\" content=\"index, follow, max-snippet:-1, max-image-preview:large, max-video-preview:-1\" \/>\n<link rel=\"canonical\" href=\"https:\/\/rinellivigneti.it\/es\/prodotto\/creta\/\" \/>\n<meta property=\"og:locale\" content=\"es_ES\" \/>\n<meta property=\"og:type\" content=\"article\" \/>\n<meta property=\"og:title\" content=\"CRETA DOC\/IGP - Rinelli Vigneti\" \/>\n<meta property=\"og:description\" content=\"Vi\u00f1edos: Las vides se asientan sobre suelos prevalentemente arcillosos, con un buen porcentaje de caliza, ricos en elementos minerales; se gestionan mayormente a guyot y a cord\u00f3n esperonado. La vendimia se realiza manualmente en el per\u00edodo que va desde finales de septiembre hasta la primera decena de octubre Vinificaci\u00f3n: maceraci\u00f3n en hollejos durante todo el [&hellip;]\" \/>\n<meta property=\"og:url\" content=\"https:\/\/rinellivigneti.it\/es\/prodotto\/creta\/\" \/>\n<meta property=\"og:site_name\" content=\"Rinelli Vigneti\" \/>\n<meta property=\"article:modified_time\" content=\"2026-01-30T10:11:22+00:00\" \/>\n<meta property=\"og:image\" content=\"https:\/\/rinellivigneti.it\/wp-content\/uploads\/2025\/11\/Creta-scaled.png\" \/>\n\t<meta property=\"og:image:width\" content=\"1707\" \/>\n\t<meta property=\"og:image:height\" content=\"2560\" \/>\n\t<meta property=\"og:image:type\" content=\"image\/png\" \/>\n<meta name=\"twitter:card\" content=\"summary_large_image\" \/>\n<meta name=\"twitter:label1\" content=\"Tiempo de lectura\" \/>\n\t<meta name=\"twitter:data1\" content=\"1 minuto\" \/>\n<script type=\"application\/ld+json\" class=\"yoast-schema-graph\">{\"@context\":\"https:\\\/\\\/schema.org\",\"@graph\":[{\"@type\":\"WebPage\",\"@id\":\"https:\\\/\\\/rinellivigneti.it\\\/es\\\/prodotto\\\/creta\\\/\",\"url\":\"https:\\\/\\\/rinellivigneti.it\\\/es\\\/prodotto\\\/creta\\\/\",\"name\":\"CRETA DOC\\\/IGP - Rinelli Vigneti\",\"isPartOf\":{\"@id\":\"https:\\\/\\\/rinellivigneti.it\\\/#website\"},\"primaryImageOfPage\":{\"@id\":\"https:\\\/\\\/rinellivigneti.it\\\/es\\\/prodotto\\\/creta\\\/#primaryimage\"},\"image\":{\"@id\":\"https:\\\/\\\/rinellivigneti.it\\\/es\\\/prodotto\\\/creta\\\/#primaryimage\"},\"thumbnailUrl\":\"https:\\\/\\\/rinellivigneti.it\\\/wp-content\\\/uploads\\\/2025\\\/11\\\/Creta-scaled.png\",\"datePublished\":\"2025-12-15T17:38:27+00:00\",\"dateModified\":\"2026-01-30T10:11:22+00:00\",\"breadcrumb\":{\"@id\":\"https:\\\/\\\/rinellivigneti.it\\\/es\\\/prodotto\\\/creta\\\/#breadcrumb\"},\"inLanguage\":\"es\",\"potentialAction\":[{\"@type\":\"ReadAction\",\"target\":[\"https:\\\/\\\/rinellivigneti.it\\\/es\\\/prodotto\\\/creta\\\/\"]}]},{\"@type\":\"ImageObject\",\"inLanguage\":\"es\",\"@id\":\"https:\\\/\\\/rinellivigneti.it\\\/es\\\/prodotto\\\/creta\\\/#primaryimage\",\"url\":\"https:\\\/\\\/rinellivigneti.it\\\/wp-content\\\/uploads\\\/2025\\\/11\\\/Creta-scaled.png\",\"contentUrl\":\"https:\\\/\\\/rinellivigneti.it\\\/wp-content\\\/uploads\\\/2025\\\/11\\\/Creta-scaled.png\",\"width\":1707,\"height\":2560},{\"@type\":\"BreadcrumbList\",\"@id\":\"https:\\\/\\\/rinellivigneti.it\\\/es\\\/prodotto\\\/creta\\\/#breadcrumb\",\"itemListElement\":[{\"@type\":\"ListItem\",\"position\":1,\"name\":\"Inicio\",\"item\":\"https:\\\/\\\/rinellivigneti.it\\\/homepage-2\\\/\"},{\"@type\":\"ListItem\",\"position\":2,\"name\":\"Tienda\",\"item\":\"https:\\\/\\\/rinellivigneti.it\\\/es\\\/tienda\\\/\"},{\"@type\":\"ListItem\",\"position\":3,\"name\":\"CRETA DOC\\\/IGP\"}]},{\"@type\":\"WebSite\",\"@id\":\"https:\\\/\\\/rinellivigneti.it\\\/#website\",\"url\":\"https:\\\/\\\/rinellivigneti.it\\\/\",\"name\":\"Rinelli Vigneti\",\"description\":\"\",\"potentialAction\":[{\"@type\":\"SearchAction\",\"target\":{\"@type\":\"EntryPoint\",\"urlTemplate\":\"https:\\\/\\\/rinellivigneti.it\\\/?s={search_term_string}\"},\"query-input\":{\"@type\":\"PropertyValueSpecification\",\"valueRequired\":true,\"valueName\":\"search_term_string\"}}],\"inLanguage\":\"es\"}]}<\/script>\n<!-- \/ Yoast SEO plugin. -->","yoast_head_json":{"title":"CRETA DOC\/IGP - Rinelli Vigneti","robots":{"index":"index","follow":"follow","max-snippet":"max-snippet:-1","max-image-preview":"max-image-preview:large","max-video-preview":"max-video-preview:-1"},"canonical":"https:\/\/rinellivigneti.it\/es\/prodotto\/creta\/","og_locale":"es_ES","og_type":"article","og_title":"CRETA DOC\/IGP - Rinelli Vigneti","og_description":"Vi\u00f1edos: Las vides se asientan sobre suelos prevalentemente arcillosos, con un buen porcentaje de caliza, ricos en elementos minerales; se gestionan mayormente a guyot y a cord\u00f3n esperonado. La vendimia se realiza manualmente en el per\u00edodo que va desde finales de septiembre hasta la primera decena de octubre Vinificaci\u00f3n: maceraci\u00f3n en hollejos durante todo el [&hellip;]","og_url":"https:\/\/rinellivigneti.it\/es\/prodotto\/creta\/","og_site_name":"Rinelli Vigneti","article_modified_time":"2026-01-30T10:11:22+00:00","og_image":[{"width":1707,"height":2560,"url":"https:\/\/rinellivigneti.it\/wp-content\/uploads\/2025\/11\/Creta-scaled.png","type":"image\/png"}],"twitter_card":"summary_large_image","twitter_misc":{"Tiempo de lectura":"1 minuto"},"schema":{"@context":"https:\/\/schema.org","@graph":[{"@type":"WebPage","@id":"https:\/\/rinellivigneti.it\/es\/prodotto\/creta\/","url":"https:\/\/rinellivigneti.it\/es\/prodotto\/creta\/","name":"CRETA DOC\/IGP - Rinelli Vigneti","isPartOf":{"@id":"https:\/\/rinellivigneti.it\/#website"},"primaryImageOfPage":{"@id":"https:\/\/rinellivigneti.it\/es\/prodotto\/creta\/#primaryimage"},"image":{"@id":"https:\/\/rinellivigneti.it\/es\/prodotto\/creta\/#primaryimage"},"thumbnailUrl":"https:\/\/rinellivigneti.it\/wp-content\/uploads\/2025\/11\/Creta-scaled.png","datePublished":"2025-12-15T17:38:27+00:00","dateModified":"2026-01-30T10:11:22+00:00","breadcrumb":{"@id":"https:\/\/rinellivigneti.it\/es\/prodotto\/creta\/#breadcrumb"},"inLanguage":"es","potentialAction":[{"@type":"ReadAction","target":["https:\/\/rinellivigneti.it\/es\/prodotto\/creta\/"]}]},{"@type":"ImageObject","inLanguage":"es","@id":"https:\/\/rinellivigneti.it\/es\/prodotto\/creta\/#primaryimage","url":"https:\/\/rinellivigneti.it\/wp-content\/uploads\/2025\/11\/Creta-scaled.png","contentUrl":"https:\/\/rinellivigneti.it\/wp-content\/uploads\/2025\/11\/Creta-scaled.png","width":1707,"height":2560},{"@type":"BreadcrumbList","@id":"https:\/\/rinellivigneti.it\/es\/prodotto\/creta\/#breadcrumb","itemListElement":[{"@type":"ListItem","position":1,"name":"Inicio","item":"https:\/\/rinellivigneti.it\/homepage-2\/"},{"@type":"ListItem","position":2,"name":"Tienda","item":"https:\/\/rinellivigneti.it\/es\/tienda\/"},{"@type":"ListItem","position":3,"name":"CRETA DOC\/IGP"}]},{"@type":"WebSite","@id":"https:\/\/rinellivigneti.it\/#website","url":"https:\/\/rinellivigneti.it\/","name":"Rinelli Vigneti","description":"","potentialAction":[{"@type":"SearchAction","target":{"@type":"EntryPoint","urlTemplate":"https:\/\/rinellivigneti.it\/?s={search_term_string}"},"query-input":{"@type":"PropertyValueSpecification","valueRequired":true,"valueName":"search_term_string"}}],"inLanguage":"es"}]}},"_links":{"self":[{"href":"https:\/\/rinellivigneti.it\/es\/wp-json\/wp\/v2\/product\/1165","targetHints":{"allow":["GET"]}}],"collection":[{"href":"https:\/\/rinellivigneti.it\/es\/wp-json\/wp\/v2\/product"}],"about":[{"href":"https:\/\/rinellivigneti.it\/es\/wp-json\/wp\/v2\/types\/product"}],"version-history":[{"count":1,"href":"https:\/\/rinellivigneti.it\/es\/wp-json\/wp\/v2\/product\/1165\/revisions"}],"predecessor-version":[{"id":1320,"href":"https:\/\/rinellivigneti.it\/es\/wp-json\/wp\/v2\/product\/1165\/revisions\/1320"}],"wp:featuredmedia":[{"embeddable":true,"href":"https:\/\/rinellivigneti.it\/es\/wp-json\/wp\/v2\/media\/1156"}],"wp:attachment":[{"href":"https:\/\/rinellivigneti.it\/es\/wp-json\/wp\/v2\/media?parent=1165"}],"wp:term":[{"taxonomy":"product_brand","embeddable":true,"href":"https:\/\/rinellivigneti.it\/es\/wp-json\/wp\/v2\/product_brand?post=1165"},{"taxonomy":"product_cat","embeddable":true,"href":"https:\/\/rinellivigneti.it\/es\/wp-json\/wp\/v2\/product_cat?post=1165"},{"taxonomy":"product_tag","embeddable":true,"href":"https:\/\/rinellivigneti.it\/es\/wp-json\/wp\/v2\/product_tag?post=1165"}],"curies":[{"name":"wp","href":"https:\/\/api.w.org\/{rel}","templated":true}]}}